{"id":5944,"date":"2024-03-25T18:43:19","date_gmt":"2024-03-25T18:43:19","guid":{"rendered":"https:\/\/csn.philippschmid.me\/mitsingen\/"},"modified":"2024-03-25T18:43:19","modified_gmt":"2024-03-25T18:43:19","slug":"mitsingen","status":"publish","type":"page","link":"https:\/\/csn.philippschmid.me\/en\/mitsingen\/","title":{"rendered":"Mitsingen im Chorus sine nomine"},"content":{"rendered":"\n<p>Der Chorus sine nomine freut sich immer \u00fcber neue Mitwirkende.<\/p>\n\n\n\n<p>Um Teil des Chors zu werden, bitten wir um kurze Kontaktaufnahme mit Helenka Fleischmannova (contact@chorussinenomine.at). Sie organisiert ein Vorsingen mit Johannes Hiemetsberger, dem musikalischen Leiter des Chors. Das Vorsingen umfasst den Vortrag eines Liedes oder einer Arie freier Wahl, kurze Stimm\u00fcbungen, Blattsingen und ein kurzes Gespr\u00e4ch.<\/p>\n\n\n\n<p>Der Chorus sine nomine probt regelm\u00e4\u00dfig Dienstags von 18 bis 21 Uhr in Wien. Zus\u00e4tzlich organisieren wir auch Probenwochenenden und Abendproben. Termine werden grunds\u00e4tzlich mehrere Monate im Voraus festgelegt.<\/p>\n\n\n\n<p>Neben Konzerten, Reisen und Aufnahmen, zeichnet sich der Chorus sine nomine durch ein aktives Sozialleben aus. Von Stimmgruppenfesten bis zum Wiener Chor-Fu\u00dfballtunier wachsen wir auch \u00fcber die Musik hinaus zusammen. Herzlich Willkommen!<\/p>\n","protected":false},"excerpt":{"rendered":"<p>Der Chorus sine nomine freut sich immer \u00fcber neue Mitwirkende. Um Teil des Chors zu werden, bitten wir um kurze Kontaktaufnahme mit Helenka Fleischmannova (contact@chorussinenomine.at). Sie organisiert ein Vorsingen mit Johannes Hiemetsberger, dem musikalischen Leiter des Chors. Das Vorsingen umfasst den Vortrag eines Liedes oder einer Arie freier Wahl, kurze Stimm\u00fcbungen, Blattsingen und ein kurzes &hellip; <a href=\"https:\/\/csn.philippschmid.me\/en\/mitsingen\/\">Continued<\/a><\/p>\n","protected":false},"author":1,"featured_media":0,"parent":0,"menu_order":0,"comment_status":"closed","ping_status":"closed","template":"","meta":{"_acf_changed":false,"footnotes":""},"acf":[],"_links":{"self":[{"href":"https:\/\/csn.philippschmid.me\/en\/wp-json\/wp\/v2\/pages\/5944"}],"collection":[{"href":"https:\/\/csn.philippschmid.me\/en\/wp-json\/wp\/v2\/pages"}],"about":[{"href":"https:\/\/csn.philippschmid.me\/en\/wp-json\/wp\/v2\/types\/page"}],"author":[{"embeddable":true,"href":"https:\/\/csn.philippschmid.me\/en\/wp-json\/wp\/v2\/users\/1"}],"replies":[{"embeddable":true,"href":"https:\/\/csn.philippschmid.me\/en\/wp-json\/wp\/v2\/comments?post=5944"}],"version-history":[{"count":0,"href":"https:\/\/csn.philippschmid.me\/en\/wp-json\/wp\/v2\/pages\/5944\/revisions"}],"wp:attachment":[{"href":"https:\/\/csn.philippschmid.me\/en\/wp-json\/wp\/v2\/media?parent=5944"}],"curies":[{"name":"wp","href":"https:\/\/api.w.org\/{rel}","templated":true}]}}